{"id":16807,"date":"2025-01-08T13:40:28","date_gmt":"2025-01-08T12:40:28","guid":{"rendered":"https:\/\/www.apricotcoffee.hu\/?post_type=product&#038;p=16807"},"modified":"2025-02-17T09:09:38","modified_gmt":"2025-02-17T08:09:38","slug":"street-kitchen-guide-2024","status":"publish","type":"product","link":"https:\/\/www.apricotcoffee.hu\/en\/product\/street-kitchen-guide-2024\/","title":{"rendered":"Street Kitchen Guide 2024"},"content":{"rendered":"<p>Rendeld meg a Street Kitchen Guide els\u0151 sz\u00e1m\u00e1t, 2024-ben el\u0151sz\u00f6r \u00e1ll\u00edtott\u00e1k \u00f6ssze az orsz\u00e1g legjobb gasztro helyeinek list\u00e1j\u00e1t, melyben, a K\u00e1v\u00e9z\u00f3 kateg\u00f3ri\u00e1ban mi vagyunk az els\u0151 helyezettek! Elk\u00e9peszt\u0151en b\u00fcszk\u00e9k vagyunk r\u00e1!<\/p>\n<p>&nbsp;<\/p>","protected":false},"excerpt":{"rendered":"<p>A Street Kitchen Guide-ban 500 men\u0151 vend\u00e9gl\u00e1t\u00f3helyet aj\u00e1nlunk. Tesztel\u0151ink\u00a0v\u00e9gigj\u00e1rt\u00e1k Magyarorsz\u00e1got, hogy kipr\u00f3b\u00e1lj\u00e1k \u00e9s megmutass\u00e1k a legjobb\u00a0p\u00e9ks\u00e9geket, k\u00e1v\u00e9z\u00f3kat, reggeliz\u0151ket, \u00e9ttermeket, cukr\u00e1szd\u00e1kat,\u00a0 hamburgerez\u0151ket, pizz\u00e1z\u00f3kat, l\u00e1ngosoz\u00f3kat, \u00e9s nemzetk\u00f6zi kedvenceket. Ez a kiadv\u00e1ny az \u00e9v b\u00e1rmely szak\u00e1ban \u00e9s minden alkalommal a seg\u00edts\u00e9gedre lesz!<\/p>","protected":false},"featured_media":16808,"template":"","meta":[],"product_brand":[],"product_cat":[15],"product_tag":[],"class_list":{"0":"post-16807","1":"product","2":"type-product","3":"status-publish","4":"has-post-thumbnail","6":"product_cat-arabika-szemes-kave","8":"first","9":"instock","10":"shipping-taxable","11":"purchasable","12":"product-type-simple"},"yoast_head":"<!-- This site is optimized with the Yoast SEO plugin v25.6 - https:\/\/yoast.com\/wordpress\/plugins\/seo\/ -->\n<title>Street Kitchen Guide 2024 - Apricot Coffee<\/title>\n<meta name=\"robots\" content=\"index, follow, max-snippet:-1, max-image-preview:large, max-video-preview:-1\" \/>\n<link rel=\"canonical\" href=\"https:\/\/www.apricotcoffee.hu\/en\/product\/street-kitchen-guide-2024\/\" \/>\n<meta property=\"og:locale\" content=\"en_GB\" \/>\n<meta property=\"og:type\" content=\"article\" \/>\n<meta property=\"og:title\" content=\"Street Kitchen Guide 2024 - Apricot Coffee\" \/>\n<meta property=\"og:description\" content=\"A Street Kitchen Guide-ban 500 men\u0151 vend\u00e9gl\u00e1t\u00f3helyet aj\u00e1nlunk. Tesztel\u0151ink\u00a0v\u00e9gigj\u00e1rt\u00e1k Magyarorsz\u00e1got, hogy kipr\u00f3b\u00e1lj\u00e1k \u00e9s megmutass\u00e1k a legjobb\u00a0p\u00e9ks\u00e9geket, k\u00e1v\u00e9z\u00f3kat, reggeliz\u0151ket, \u00e9ttermeket, cukr\u00e1szd\u00e1kat,\u00a0 hamburgerez\u0151ket, pizz\u00e1z\u00f3kat, l\u00e1ngosoz\u00f3kat, \u00e9s nemzetk\u00f6zi kedvenceket. Ez a kiadv\u00e1ny az \u00e9v b\u00e1rmely szak\u00e1ban \u00e9s minden alkalommal a seg\u00edts\u00e9gedre lesz!\" \/>\n<meta property=\"og:url\" content=\"https:\/\/www.apricotcoffee.hu\/en\/product\/street-kitchen-guide-2024\/\" \/>\n<meta property=\"og:site_name\" content=\"Apricot Coffee\" \/>\n<meta property=\"article:modified_time\" content=\"2025-02-17T08:09:38+00:00\" \/>\n<meta property=\"og:image\" content=\"https:\/\/www.apricotcoffee.hu\/wp-content\/uploads\/2025\/01\/sk-guide-konyv.jpg\" \/>\n\t<meta property=\"og:image:width\" content=\"243\" \/>\n\t<meta property=\"og:image:height\" content=\"342\" \/>\n\t<meta property=\"og:image:type\" content=\"image\/jpeg\" \/>\n<meta name=\"twitter:card\" content=\"summary_large_image\" \/>\n<meta name=\"twitter:label1\" content=\"Estimated reading time\" \/>\n\t<meta name=\"twitter:data1\" content=\"1 minute\" \/>\n<script type=\"application\/ld+json\" class=\"yoast-schema-graph\">{\"@context\":\"https:\/\/schema.org\",\"@graph\":[{\"@type\":\"WebPage\",\"@id\":\"https:\/\/www.apricotcoffee.hu\/product\/street-kitchen-guide-2024\/\",\"url\":\"https:\/\/www.apricotcoffee.hu\/product\/street-kitchen-guide-2024\/\",\"name\":\"Street Kitchen Guide 2024 - Apricot Coffee\",\"isPartOf\":{\"@id\":\"https:\/\/www.apricotcoffee.hu\/#website\"},\"primaryImageOfPage\":{\"@id\":\"https:\/\/www.apricotcoffee.hu\/product\/street-kitchen-guide-2024\/#primaryimage\"},\"image\":{\"@id\":\"https:\/\/www.apricotcoffee.hu\/product\/street-kitchen-guide-2024\/#primaryimage\"},\"thumbnailUrl\":\"https:\/\/www.apricotcoffee.hu\/wp-content\/uploads\/2025\/01\/sk-guide-konyv.jpg\",\"datePublished\":\"2025-01-08T12:40:28+00:00\",\"dateModified\":\"2025-02-17T08:09:38+00:00\",\"breadcrumb\":{\"@id\":\"https:\/\/www.apricotcoffee.hu\/product\/street-kitchen-guide-2024\/#breadcrumb\"},\"inLanguage\":\"en-GB\",\"potentialAction\":[{\"@type\":\"ReadAction\",\"target\":[\"https:\/\/www.apricotcoffee.hu\/product\/street-kitchen-guide-2024\/\"]}]},{\"@type\":\"ImageObject\",\"inLanguage\":\"en-GB\",\"@id\":\"https:\/\/www.apricotcoffee.hu\/product\/street-kitchen-guide-2024\/#primaryimage\",\"url\":\"https:\/\/www.apricotcoffee.hu\/wp-content\/uploads\/2025\/01\/sk-guide-konyv.jpg\",\"contentUrl\":\"https:\/\/www.apricotcoffee.hu\/wp-content\/uploads\/2025\/01\/sk-guide-konyv.jpg\",\"width\":243,\"height\":342,\"caption\":\"SK Guide 2024\"},{\"@type\":\"BreadcrumbList\",\"@id\":\"https:\/\/www.apricotcoffee.hu\/product\/street-kitchen-guide-2024\/#breadcrumb\",\"itemListElement\":[{\"@type\":\"ListItem\",\"position\":1,\"name\":\"Home\",\"item\":\"https:\/\/www.apricotcoffee.hu\/\"},{\"@type\":\"ListItem\",\"position\":2,\"name\":\"Shop\",\"item\":\"https:\/\/www.apricotcoffee.hu\/shop\/\"},{\"@type\":\"ListItem\",\"position\":3,\"name\":\"Street Kitchen Guide 2024\"}]},{\"@type\":\"WebSite\",\"@id\":\"https:\/\/www.apricotcoffee.hu\/#website\",\"url\":\"https:\/\/www.apricotcoffee.hu\/\",\"name\":\"Apricot Coffee\",\"description\":\"Apricot Speciality Coffee Shop Budapest\",\"potentialAction\":[{\"@type\":\"SearchAction\",\"target\":{\"@type\":\"EntryPoint\",\"urlTemplate\":\"https:\/\/www.apricotcoffee.hu\/?s={search_term_string}\"},\"query-input\":{\"@type\":\"PropertyValueSpecification\",\"valueRequired\":true,\"valueName\":\"search_term_string\"}}],\"inLanguage\":\"en-GB\"}]}<\/script>\n<!-- \/ Yoast SEO plugin. -->","yoast_head_json":{"title":"Street Kitchen Guide 2024 - Apricot Coffee","robots":{"index":"index","follow":"follow","max-snippet":"max-snippet:-1","max-image-preview":"max-image-preview:large","max-video-preview":"max-video-preview:-1"},"canonical":"https:\/\/www.apricotcoffee.hu\/en\/product\/street-kitchen-guide-2024\/","og_locale":"en_GB","og_type":"article","og_title":"Street Kitchen Guide 2024 - Apricot Coffee","og_description":"A Street Kitchen Guide-ban 500 men\u0151 vend\u00e9gl\u00e1t\u00f3helyet aj\u00e1nlunk. Tesztel\u0151ink\u00a0v\u00e9gigj\u00e1rt\u00e1k Magyarorsz\u00e1got, hogy kipr\u00f3b\u00e1lj\u00e1k \u00e9s megmutass\u00e1k a legjobb\u00a0p\u00e9ks\u00e9geket, k\u00e1v\u00e9z\u00f3kat, reggeliz\u0151ket, \u00e9ttermeket, cukr\u00e1szd\u00e1kat,\u00a0 hamburgerez\u0151ket, pizz\u00e1z\u00f3kat, l\u00e1ngosoz\u00f3kat, \u00e9s nemzetk\u00f6zi kedvenceket. Ez a kiadv\u00e1ny az \u00e9v b\u00e1rmely szak\u00e1ban \u00e9s minden alkalommal a seg\u00edts\u00e9gedre lesz!","og_url":"https:\/\/www.apricotcoffee.hu\/en\/product\/street-kitchen-guide-2024\/","og_site_name":"Apricot Coffee","article_modified_time":"2025-02-17T08:09:38+00:00","og_image":[{"width":243,"height":342,"url":"https:\/\/www.apricotcoffee.hu\/wp-content\/uploads\/2025\/01\/sk-guide-konyv.jpg","type":"image\/jpeg"}],"twitter_card":"summary_large_image","twitter_misc":{"Estimated reading time":"1 minute"},"schema":{"@context":"https:\/\/schema.org","@graph":[{"@type":"WebPage","@id":"https:\/\/www.apricotcoffee.hu\/product\/street-kitchen-guide-2024\/","url":"https:\/\/www.apricotcoffee.hu\/product\/street-kitchen-guide-2024\/","name":"Street Kitchen Guide 2024 - Apricot Coffee","isPartOf":{"@id":"https:\/\/www.apricotcoffee.hu\/#website"},"primaryImageOfPage":{"@id":"https:\/\/www.apricotcoffee.hu\/product\/street-kitchen-guide-2024\/#primaryimage"},"image":{"@id":"https:\/\/www.apricotcoffee.hu\/product\/street-kitchen-guide-2024\/#primaryimage"},"thumbnailUrl":"https:\/\/www.apricotcoffee.hu\/wp-content\/uploads\/2025\/01\/sk-guide-konyv.jpg","datePublished":"2025-01-08T12:40:28+00:00","dateModified":"2025-02-17T08:09:38+00:00","breadcrumb":{"@id":"https:\/\/www.apricotcoffee.hu\/product\/street-kitchen-guide-2024\/#breadcrumb"},"inLanguage":"en-GB","potentialAction":[{"@type":"ReadAction","target":["https:\/\/www.apricotcoffee.hu\/product\/street-kitchen-guide-2024\/"]}]},{"@type":"ImageObject","inLanguage":"en-GB","@id":"https:\/\/www.apricotcoffee.hu\/product\/street-kitchen-guide-2024\/#primaryimage","url":"https:\/\/www.apricotcoffee.hu\/wp-content\/uploads\/2025\/01\/sk-guide-konyv.jpg","contentUrl":"https:\/\/www.apricotcoffee.hu\/wp-content\/uploads\/2025\/01\/sk-guide-konyv.jpg","width":243,"height":342,"caption":"SK Guide 2024"},{"@type":"BreadcrumbList","@id":"https:\/\/www.apricotcoffee.hu\/product\/street-kitchen-guide-2024\/#breadcrumb","itemListElement":[{"@type":"ListItem","position":1,"name":"Home","item":"https:\/\/www.apricotcoffee.hu\/"},{"@type":"ListItem","position":2,"name":"Shop","item":"https:\/\/www.apricotcoffee.hu\/shop\/"},{"@type":"ListItem","position":3,"name":"Street Kitchen Guide 2024"}]},{"@type":"WebSite","@id":"https:\/\/www.apricotcoffee.hu\/#website","url":"https:\/\/www.apricotcoffee.hu\/","name":"Apricot Coffee","description":"Apricot Speciality Coffee Shop Budapest","potentialAction":[{"@type":"SearchAction","target":{"@type":"EntryPoint","urlTemplate":"https:\/\/www.apricotcoffee.hu\/?s={search_term_string}"},"query-input":{"@type":"PropertyValueSpecification","valueRequired":true,"valueName":"search_term_string"}}],"inLanguage":"en-GB"}]}},"_links":{"self":[{"href":"https:\/\/www.apricotcoffee.hu\/en\/wp-json\/wp\/v2\/product\/16807"}],"collection":[{"href":"https:\/\/www.apricotcoffee.hu\/en\/wp-json\/wp\/v2\/product"}],"about":[{"href":"https:\/\/www.apricotcoffee.hu\/en\/wp-json\/wp\/v2\/types\/product"}],"wp:featuredmedia":[{"embeddable":true,"href":"https:\/\/www.apricotcoffee.hu\/en\/wp-json\/wp\/v2\/media\/16808"}],"wp:attachment":[{"href":"https:\/\/www.apricotcoffee.hu\/en\/wp-json\/wp\/v2\/media?parent=16807"}],"wp:term":[{"taxonomy":"product_brand","embeddable":true,"href":"https:\/\/www.apricotcoffee.hu\/en\/wp-json\/wp\/v2\/product_brand?post=16807"},{"taxonomy":"product_cat","embeddable":true,"href":"https:\/\/www.apricotcoffee.hu\/en\/wp-json\/wp\/v2\/product_cat?post=16807"},{"taxonomy":"product_tag","embeddable":true,"href":"https:\/\/www.apricotcoffee.hu\/en\/wp-json\/wp\/v2\/product_tag?post=16807"}],"curies":[{"name":"wp","href":"https:\/\/api.w.org\/{rel}","templated":true}]}}