{"id":14662,"date":"2021-11-30T13:25:04","date_gmt":"2021-11-30T12:25:04","guid":{"rendered":"https:\/\/www.apricotcoffee.hu\/?post_type=product&#038;p=14662"},"modified":"2025-10-03T18:28:16","modified_gmt":"2025-10-03T16:28:16","slug":"2-honapos-kaveberlet","status":"publish","type":"product","link":"https:\/\/www.apricotcoffee.hu\/en\/product\/2-honapos-kaveberlet\/","title":{"rendered":"4 H\u00f3napos K\u00e1v\u00e9b\u00e9rlet 250g kiszerel\u00e9s"},"content":{"rendered":"<p>A k\u00e1v\u00e9k\u00edn\u00e1latunk mindig v\u00e1ltozik, de p\u00e1r p\u00e9lda arr\u00f3l, hogy milyen k\u00e1v\u00e9k lehetnek a csomagban:<\/p>\n<ul>\n<li><span class=\"im\">Faj:Kenyai\u00a0 Arabika<br \/>\nFajtavari\u00e1ns: SL28, SL34<br \/>\nR\u00e9gi\u00f3:\u00a0 Nyeri<br \/>\nTermel\u0151: Gatomboya Coffee Factory<br \/>\nMagass\u00e1g: 1650-1770 m<br \/>\nBetakar\u00edt\u00e1s: k\u00e9zi<br \/>\nFeldolgoz\u00e1s: nedves elj\u00e1r\u00e1ssal<br \/>\nSz\u00e1r\u00edt\u00e1s: napon, afrikai \u00e1gyakon<br \/>\nSz\u00fcret:\u00a0 2022<br \/>\n<\/span>\u00cdzjegyek: fekete ribizli, alma, k\u00e9sei meggy, citrom, paradicsom<\/li>\n<li>\n<div dir=\"auto\">Kolumibai Arabika &#8211; Maria Cenaida Flor<\/div>\n<div dir=\"auto\">R\u00e9gi\u00f3: Santa Barbara, Cauca<\/div>\n<div dir=\"auto\">Vari\u00e1ns: Castillo<\/div>\n<div dir=\"auto\">Magass\u00e1g: 1840m<\/div>\n<div dir=\"auto\">Feldolgoz\u00e1s: M\u00e9zes (anaerob)<\/div>\n<div dir=\"auto\">K\u00f6rte, gr\u00e1n\u00e1talma, r\u00e1g\u00f3gumi, karamell<\/div>\n<\/li>\n<\/ul>","protected":false},"excerpt":{"rendered":"<p>Igy\u00e1l otthon is 100% arabika k\u00e1v\u00e9t \u00e9s ismerd meg a k\u00fcl\u00f6nb\u00f6z\u0151 orsz\u00e1gok, r\u00e9gi\u00f3k k\u00e1v\u00e9k\u00fcl\u00f6nlegess\u00e9geit.<\/p>\n<p>4 h\u00f3napon \u00e1t, k\u00e9thetente 1 csomag 250 g kiszerel\u00e9s\u0171 k\u00e1v\u00e9t vehetsz \u00e1t boltunkban vagy sz\u00e1ll\u00edtunk h\u00e1zhoz (k\u00e9rheted \u0151r\u00f6lve is, de frissen aj\u00e1nljuk), emailben \u00e9rtes\u00edt\u00fcnk, hogy mikor vehet\u0151 \u00e1t\/\u00e9rkezik a csomag, valamint tudnival\u00f3kat arr\u00f3l, hogy \u00e9pp milyen k\u00e1v\u00e9t iszol.<\/p>\n<p>A k\u00e1v\u00e9k\u00edn\u00e1latunk mindig v\u00e1ltozik, de p\u00e1r p\u00e9lda arr\u00f3l, hogy milyen orsz\u00e1gok k\u00e1v\u00e9i lehetnek a csomagban:<span class=\"im\"><br \/>\n<\/span><\/p>\n<ul>\n<li>Kenya<\/li>\n<li>Kolumbia<\/li>\n<li>Braz\u00edlia<\/li>\n<li>Eti\u00f3pia<\/li>\n<li>Bol\u00edvia<\/li>\n<\/ul>\n<p>Szem\u00e9lyes, boltunkban t\u00f6rt\u00e9n\u0151 \u00e1tv\u00e9tel eset\u00e9n az \u00e1r nem v\u00e1ltozik, h\u00e1zhoz sz\u00e1ll\u00edt\u00e1sn\u00e1l azonban, mivel 2 hetente \u00e9rkezik az \u00fajabb, friss p\u00f6rk\u00f6l\u00e9s\u0151 k\u00e1v\u00e9, ez\u00e9rt a 8x sz\u00e1ll\u00edt\u00e1si d\u00edj ker\u00fcl felsz\u00e1m\u00edt\u00e1sra, melynek d\u00edja\u00a0 1740Ft\/alkalom, \u00edgy mi mindenk\u00e9pp javasoljuk a bolti \u00e1tv\u00e9telt.<\/p>\n<p>Alternat\u00edv \u00e1tv\u00e9teli c\u00edm: Kispest, 19. ker\u00fclet (egyeztet\u00e9s emailben)<\/p>","protected":false},"featured_media":14663,"template":"","meta":[],"product_brand":[],"product_cat":[79,15],"product_tag":[],"class_list":{"0":"post-14662","1":"product","2":"type-product","3":"status-publish","4":"has-post-thumbnail","6":"product_cat-ajandekutalvany","7":"product_cat-arabika-szemes-kave","8":"pa_brand-apricot","10":"first","11":"instock","12":"shipping-taxable","13":"purchasable","14":"product-type-simple"},"yoast_head":"<!-- This site is optimized with the Yoast SEO plugin v25.6 - https:\/\/yoast.com\/wordpress\/plugins\/seo\/ -->\n<title>4 H\u00f3napos K\u00e1v\u00e9b\u00e9rlet 250g kiszerel\u00e9s - Apricot Coffee<\/title>\n<meta name=\"robots\" content=\"index, follow, max-snippet:-1, max-image-preview:large, max-video-preview:-1\" \/>\n<link rel=\"canonical\" href=\"https:\/\/www.apricotcoffee.hu\/en\/product\/2-honapos-kaveberlet\/\" \/>\n<meta property=\"og:locale\" content=\"en_GB\" \/>\n<meta property=\"og:type\" content=\"article\" \/>\n<meta property=\"og:title\" content=\"4 H\u00f3napos K\u00e1v\u00e9b\u00e9rlet 250g kiszerel\u00e9s - Apricot Coffee\" \/>\n<meta property=\"og:description\" content=\"Igy\u00e1l otthon is 100% arabika k\u00e1v\u00e9t \u00e9s ismerd meg a k\u00fcl\u00f6nb\u00f6z\u0151 orsz\u00e1gok, r\u00e9gi\u00f3k k\u00e1v\u00e9k\u00fcl\u00f6nlegess\u00e9geit.  4 h\u00f3napon \u00e1t, k\u00e9thetente 1 csomag 250 g kiszerel\u00e9s\u0171 k\u00e1v\u00e9t vehetsz \u00e1t boltunkban vagy sz\u00e1ll\u00edtunk h\u00e1zhoz (k\u00e9rheted \u0151r\u00f6lve is, de frissen aj\u00e1nljuk), emailben \u00e9rtes\u00edt\u00fcnk, hogy mikor vehet\u0151 \u00e1t\/\u00e9rkezik a csomag, valamint tudnival\u00f3kat arr\u00f3l, hogy \u00e9pp milyen k\u00e1v\u00e9t iszol.  A k\u00e1v\u00e9k\u00edn\u00e1latunk mindig v\u00e1ltozik, de p\u00e1r p\u00e9lda arr\u00f3l, hogy milyen orsz\u00e1gok k\u00e1v\u00e9i lehetnek a csomagban:    Kenya  Kolumbia  Braz\u00edlia  Eti\u00f3pia  Bol\u00edvia  Szem\u00e9lyes, boltunkban t\u00f6rt\u00e9n\u0151 \u00e1tv\u00e9tel eset\u00e9n az \u00e1r nem v\u00e1ltozik, h\u00e1zhoz sz\u00e1ll\u00edt\u00e1sn\u00e1l azonban, mivel 2 hetente \u00e9rkezik az \u00fajabb, friss p\u00f6rk\u00f6l\u00e9s\u0151 k\u00e1v\u00e9, ez\u00e9rt a 8x sz\u00e1ll\u00edt\u00e1si d\u00edj ker\u00fcl felsz\u00e1m\u00edt\u00e1sra, melynek d\u00edja\u00a0 1740Ft\/alkalom, \u00edgy mi mindenk\u00e9pp javasoljuk a bolti \u00e1tv\u00e9telt.  Alternat\u00edv \u00e1tv\u00e9teli c\u00edm: Kispest, 19. ker\u00fclet (egyeztet\u00e9s emailben)\" \/>\n<meta property=\"og:url\" content=\"https:\/\/www.apricotcoffee.hu\/en\/product\/2-honapos-kaveberlet\/\" \/>\n<meta property=\"og:site_name\" content=\"Apricot Coffee\" \/>\n<meta property=\"article:modified_time\" content=\"2025-10-03T16:28:16+00:00\" \/>\n<meta property=\"og:image\" content=\"https:\/\/www.apricotcoffee.hu\/wp-content\/uploads\/2021\/11\/Ka\u0301ve\u0301be\u0301rlet-csomagok-scaled-e1638275091213.jpg\" \/>\n\t<meta property=\"og:image:width\" content=\"1800\" \/>\n\t<meta property=\"og:image:height\" content=\"1202\" \/>\n\t<meta property=\"og:image:type\" content=\"image\/jpeg\" \/>\n<meta name=\"twitter:card\" content=\"summary_large_image\" \/>\n<meta name=\"twitter:label1\" content=\"Estimated reading time\" \/>\n\t<meta name=\"twitter:data1\" content=\"1 minute\" \/>\n<script type=\"application\/ld+json\" class=\"yoast-schema-graph\">{\"@context\":\"https:\/\/schema.org\",\"@graph\":[{\"@type\":\"WebPage\",\"@id\":\"https:\/\/www.apricotcoffee.hu\/product\/2-honapos-kaveberlet\/\",\"url\":\"https:\/\/www.apricotcoffee.hu\/product\/2-honapos-kaveberlet\/\",\"name\":\"4 H\u00f3napos K\u00e1v\u00e9b\u00e9rlet 250g kiszerel\u00e9s - Apricot Coffee\",\"isPartOf\":{\"@id\":\"https:\/\/www.apricotcoffee.hu\/#website\"},\"primaryImageOfPage\":{\"@id\":\"https:\/\/www.apricotcoffee.hu\/product\/2-honapos-kaveberlet\/#primaryimage\"},\"image\":{\"@id\":\"https:\/\/www.apricotcoffee.hu\/product\/2-honapos-kaveberlet\/#primaryimage\"},\"thumbnailUrl\":\"https:\/\/www.apricotcoffee.hu\/wp-content\/uploads\/2021\/11\/Ka\u0301ve\u0301be\u0301rlet-csomagok-scaled-e1638275091213.jpg\",\"datePublished\":\"2021-11-30T12:25:04+00:00\",\"dateModified\":\"2025-10-03T16:28:16+00:00\",\"breadcrumb\":{\"@id\":\"https:\/\/www.apricotcoffee.hu\/product\/2-honapos-kaveberlet\/#breadcrumb\"},\"inLanguage\":\"en-GB\",\"potentialAction\":[{\"@type\":\"ReadAction\",\"target\":[\"https:\/\/www.apricotcoffee.hu\/product\/2-honapos-kaveberlet\/\"]}]},{\"@type\":\"ImageObject\",\"inLanguage\":\"en-GB\",\"@id\":\"https:\/\/www.apricotcoffee.hu\/product\/2-honapos-kaveberlet\/#primaryimage\",\"url\":\"https:\/\/www.apricotcoffee.hu\/wp-content\/uploads\/2021\/11\/Ka\u0301ve\u0301be\u0301rlet-csomagok-scaled-e1638275091213.jpg\",\"contentUrl\":\"https:\/\/www.apricotcoffee.hu\/wp-content\/uploads\/2021\/11\/Ka\u0301ve\u0301be\u0301rlet-csomagok-scaled-e1638275091213.jpg\",\"width\":1800,\"height\":1202},{\"@type\":\"BreadcrumbList\",\"@id\":\"https:\/\/www.apricotcoffee.hu\/product\/2-honapos-kaveberlet\/#breadcrumb\",\"itemListElement\":[{\"@type\":\"ListItem\",\"position\":1,\"name\":\"Home\",\"item\":\"https:\/\/www.apricotcoffee.hu\/\"},{\"@type\":\"ListItem\",\"position\":2,\"name\":\"Shop\",\"item\":\"https:\/\/www.apricotcoffee.hu\/shop\/\"},{\"@type\":\"ListItem\",\"position\":3,\"name\":\"4 H\u00f3napos K\u00e1v\u00e9b\u00e9rlet 250g kiszerel\u00e9s\"}]},{\"@type\":\"WebSite\",\"@id\":\"https:\/\/www.apricotcoffee.hu\/#website\",\"url\":\"https:\/\/www.apricotcoffee.hu\/\",\"name\":\"Apricot Coffee\",\"description\":\"Apricot Speciality Coffee Shop Budapest\",\"potentialAction\":[{\"@type\":\"SearchAction\",\"target\":{\"@type\":\"EntryPoint\",\"urlTemplate\":\"https:\/\/www.apricotcoffee.hu\/?s={search_term_string}\"},\"query-input\":{\"@type\":\"PropertyValueSpecification\",\"valueRequired\":true,\"valueName\":\"search_term_string\"}}],\"inLanguage\":\"en-GB\"}]}<\/script>\n<!-- \/ Yoast SEO plugin. -->","yoast_head_json":{"title":"4 H\u00f3napos K\u00e1v\u00e9b\u00e9rlet 250g kiszerel\u00e9s - Apricot Coffee","robots":{"index":"index","follow":"follow","max-snippet":"max-snippet:-1","max-image-preview":"max-image-preview:large","max-video-preview":"max-video-preview:-1"},"canonical":"https:\/\/www.apricotcoffee.hu\/en\/product\/2-honapos-kaveberlet\/","og_locale":"en_GB","og_type":"article","og_title":"4 H\u00f3napos K\u00e1v\u00e9b\u00e9rlet 250g kiszerel\u00e9s - Apricot Coffee","og_description":"Igy\u00e1l otthon is 100% arabika k\u00e1v\u00e9t \u00e9s ismerd meg a k\u00fcl\u00f6nb\u00f6z\u0151 orsz\u00e1gok, r\u00e9gi\u00f3k k\u00e1v\u00e9k\u00fcl\u00f6nlegess\u00e9geit.  4 h\u00f3napon \u00e1t, k\u00e9thetente 1 csomag 250 g kiszerel\u00e9s\u0171 k\u00e1v\u00e9t vehetsz \u00e1t boltunkban vagy sz\u00e1ll\u00edtunk h\u00e1zhoz (k\u00e9rheted \u0151r\u00f6lve is, de frissen aj\u00e1nljuk), emailben \u00e9rtes\u00edt\u00fcnk, hogy mikor vehet\u0151 \u00e1t\/\u00e9rkezik a csomag, valamint tudnival\u00f3kat arr\u00f3l, hogy \u00e9pp milyen k\u00e1v\u00e9t iszol.  A k\u00e1v\u00e9k\u00edn\u00e1latunk mindig v\u00e1ltozik, de p\u00e1r p\u00e9lda arr\u00f3l, hogy milyen orsz\u00e1gok k\u00e1v\u00e9i lehetnek a csomagban:    Kenya  Kolumbia  Braz\u00edlia  Eti\u00f3pia  Bol\u00edvia  Szem\u00e9lyes, boltunkban t\u00f6rt\u00e9n\u0151 \u00e1tv\u00e9tel eset\u00e9n az \u00e1r nem v\u00e1ltozik, h\u00e1zhoz sz\u00e1ll\u00edt\u00e1sn\u00e1l azonban, mivel 2 hetente \u00e9rkezik az \u00fajabb, friss p\u00f6rk\u00f6l\u00e9s\u0151 k\u00e1v\u00e9, ez\u00e9rt a 8x sz\u00e1ll\u00edt\u00e1si d\u00edj ker\u00fcl felsz\u00e1m\u00edt\u00e1sra, melynek d\u00edja\u00a0 1740Ft\/alkalom, \u00edgy mi mindenk\u00e9pp javasoljuk a bolti \u00e1tv\u00e9telt.  Alternat\u00edv \u00e1tv\u00e9teli c\u00edm: Kispest, 19. ker\u00fclet (egyeztet\u00e9s emailben)","og_url":"https:\/\/www.apricotcoffee.hu\/en\/product\/2-honapos-kaveberlet\/","og_site_name":"Apricot Coffee","article_modified_time":"2025-10-03T16:28:16+00:00","og_image":[{"width":1800,"height":1202,"url":"https:\/\/www.apricotcoffee.hu\/wp-content\/uploads\/2021\/11\/Ka\u0301ve\u0301be\u0301rlet-csomagok-scaled-e1638275091213.jpg","type":"image\/jpeg"}],"twitter_card":"summary_large_image","twitter_misc":{"Estimated reading time":"1 minute"},"schema":{"@context":"https:\/\/schema.org","@graph":[{"@type":"WebPage","@id":"https:\/\/www.apricotcoffee.hu\/product\/2-honapos-kaveberlet\/","url":"https:\/\/www.apricotcoffee.hu\/product\/2-honapos-kaveberlet\/","name":"4 H\u00f3napos K\u00e1v\u00e9b\u00e9rlet 250g kiszerel\u00e9s - Apricot Coffee","isPartOf":{"@id":"https:\/\/www.apricotcoffee.hu\/#website"},"primaryImageOfPage":{"@id":"https:\/\/www.apricotcoffee.hu\/product\/2-honapos-kaveberlet\/#primaryimage"},"image":{"@id":"https:\/\/www.apricotcoffee.hu\/product\/2-honapos-kaveberlet\/#primaryimage"},"thumbnailUrl":"https:\/\/www.apricotcoffee.hu\/wp-content\/uploads\/2021\/11\/Ka\u0301ve\u0301be\u0301rlet-csomagok-scaled-e1638275091213.jpg","datePublished":"2021-11-30T12:25:04+00:00","dateModified":"2025-10-03T16:28:16+00:00","breadcrumb":{"@id":"https:\/\/www.apricotcoffee.hu\/product\/2-honapos-kaveberlet\/#breadcrumb"},"inLanguage":"en-GB","potentialAction":[{"@type":"ReadAction","target":["https:\/\/www.apricotcoffee.hu\/product\/2-honapos-kaveberlet\/"]}]},{"@type":"ImageObject","inLanguage":"en-GB","@id":"https:\/\/www.apricotcoffee.hu\/product\/2-honapos-kaveberlet\/#primaryimage","url":"https:\/\/www.apricotcoffee.hu\/wp-content\/uploads\/2021\/11\/Ka\u0301ve\u0301be\u0301rlet-csomagok-scaled-e1638275091213.jpg","contentUrl":"https:\/\/www.apricotcoffee.hu\/wp-content\/uploads\/2021\/11\/Ka\u0301ve\u0301be\u0301rlet-csomagok-scaled-e1638275091213.jpg","width":1800,"height":1202},{"@type":"BreadcrumbList","@id":"https:\/\/www.apricotcoffee.hu\/product\/2-honapos-kaveberlet\/#breadcrumb","itemListElement":[{"@type":"ListItem","position":1,"name":"Home","item":"https:\/\/www.apricotcoffee.hu\/"},{"@type":"ListItem","position":2,"name":"Shop","item":"https:\/\/www.apricotcoffee.hu\/shop\/"},{"@type":"ListItem","position":3,"name":"4 H\u00f3napos K\u00e1v\u00e9b\u00e9rlet 250g kiszerel\u00e9s"}]},{"@type":"WebSite","@id":"https:\/\/www.apricotcoffee.hu\/#website","url":"https:\/\/www.apricotcoffee.hu\/","name":"Apricot Coffee","description":"Apricot Speciality Coffee Shop Budapest","potentialAction":[{"@type":"SearchAction","target":{"@type":"EntryPoint","urlTemplate":"https:\/\/www.apricotcoffee.hu\/?s={search_term_string}"},"query-input":{"@type":"PropertyValueSpecification","valueRequired":true,"valueName":"search_term_string"}}],"inLanguage":"en-GB"}]}},"_links":{"self":[{"href":"https:\/\/www.apricotcoffee.hu\/en\/wp-json\/wp\/v2\/product\/14662"}],"collection":[{"href":"https:\/\/www.apricotcoffee.hu\/en\/wp-json\/wp\/v2\/product"}],"about":[{"href":"https:\/\/www.apricotcoffee.hu\/en\/wp-json\/wp\/v2\/types\/product"}],"wp:featuredmedia":[{"embeddable":true,"href":"https:\/\/www.apricotcoffee.hu\/en\/wp-json\/wp\/v2\/media\/14663"}],"wp:attachment":[{"href":"https:\/\/www.apricotcoffee.hu\/en\/wp-json\/wp\/v2\/media?parent=14662"}],"wp:term":[{"taxonomy":"product_brand","embeddable":true,"href":"https:\/\/www.apricotcoffee.hu\/en\/wp-json\/wp\/v2\/product_brand?post=14662"},{"taxonomy":"product_cat","embeddable":true,"href":"https:\/\/www.apricotcoffee.hu\/en\/wp-json\/wp\/v2\/product_cat?post=14662"},{"taxonomy":"product_tag","embeddable":true,"href":"https:\/\/www.apricotcoffee.hu\/en\/wp-json\/wp\/v2\/product_tag?post=14662"}],"curies":[{"name":"wp","href":"https:\/\/api.w.org\/{rel}","templated":true}]}}