{"id":13915,"date":"2020-12-15T09:26:50","date_gmt":"2020-12-15T09:26:50","guid":{"rendered":"https:\/\/apricot.webexchange.hu\/product\/home-barista-trening-2-fo-reszere\/"},"modified":"2025-12-21T11:59:27","modified_gmt":"2025-12-21T10:59:27","slug":"home-barista-trening-2-fo-reszere","status":"publish","type":"product","link":"https:\/\/www.apricotcoffee.hu\/en\/product\/home-barista-trening-2-fo-reszere\/","title":{"rendered":"Home Barista Tr\u00e9ning 2 f\u0151 r\u00e9sz\u00e9re"},"content":{"rendered":"<div dir=\"auto\">Home Barista Tr\u00e9ning Aj\u00e1nd\u00e9kutalv\u00e1ny &#8211; Mir\u0151l sz\u00f3l a <span class=\"il\">tr\u00e9ning<\/span>?<\/div>\n<ul>\n<li dir=\"auto\">45 min. interactive presentation about coffee journey, from farming 'til it lands in your cup. You can ask questions during the training.<\/li>\n<li dir=\"auto\">Afterwards we will taste 6 single origin and blend 100% arabica coffees, where the point is that we will find out how the roasters and producers examine the quality and the flavours of the coffee beans.<\/li>\n<li dir=\"auto\">And last but not least we will show you how to make filter coffees in your home with V60 and Aeropress and if audience is interested we will also talk about moka pot.<\/li>\n<li dir=\"auto\">You may buy our coffee beans with -10% discount during our session<\/li>\n<\/ul>\n<p>Kiv\u00e1l\u00f3 aj\u00e1nd\u00e9k \u00f6tlet olyanok sz\u00e1m\u00e1ra, akik szeretik a k\u00e1v\u00e9t \u00e9s \u00e9rdekl\u0151dnek a speciality k\u00e1v\u00e9k vil\u00e1ga ir\u00e1nt. Az utalv\u00e1nyok 1 a v\u00e1s\u00e1rl\u00e1st\u00f3l sz\u00e1m\u00edtott 1 \u00e9vig \u00e9rv\u00e9nyesek.<\/p>","protected":false},"excerpt":{"rendered":"<div dir=\"auto\">Home Barista Tr\u00e9ning Aj\u00e1nd\u00e9kutalv\u00e1ny &#8211; Mir\u0151l sz\u00f3l a <span class=\"il\">tr\u00e9ning<\/span>?<\/div>\n<ul>\n<li dir=\"auto\">45 min. interactive presentation about coffee journey, from farming 'til it lands in your cup. You can ask questions during the training.<\/li>\n<li dir=\"auto\">Afterwards we will taste 6 single origin and blend 100% arabica coffees, where the point is that we will find out how the roasters and producers examine the quality and the flavours of the coffee beans.<\/li>\n<li dir=\"auto\">And last but not least we will show you how to make filter coffees in your home with V60 and Aeropress and if audience is interested we will also talk about moka pot.<\/li>\n<li dir=\"auto\">You may buy our coffee beans with -10% discount during our session<\/li>\n<\/ul>\n<p>Kiv\u00e1l\u00f3 aj\u00e1nd\u00e9k \u00f6tlet olyanok sz\u00e1m\u00e1ra, akik szeretik a k\u00e1v\u00e9t \u00e9s \u00e9rdekl\u0151dnek a speciality k\u00e1v\u00e9k vil\u00e1ga ir\u00e1nt. Az utalv\u00e1nyok 1 a v\u00e1s\u00e1rl\u00e1st\u00f3l sz\u00e1m\u00edtott 1 \u00e9vig \u00e9rv\u00e9nyesek.<\/p>","protected":false},"featured_media":15011,"template":"","meta":[],"product_brand":[],"product_cat":[79],"product_tag":[],"class_list":{"0":"post-13915","1":"product","2":"type-product","3":"status-publish","4":"has-post-thumbnail","6":"product_cat-ajandekutalvany","7":"pa_brand-ajandekutalvanyok","9":"first","10":"instock","11":"purchasable","12":"product-type-simple"},"yoast_head":"<!-- This site is optimized with the Yoast SEO plugin v25.6 - https:\/\/yoast.com\/wordpress\/plugins\/seo\/ -->\n<title>Home Barista Tr\u00e9ning 2 f\u0151 r\u00e9sz\u00e9re - Apricot Coffee<\/title>\n<meta name=\"robots\" content=\"index, follow, max-snippet:-1, max-image-preview:large, max-video-preview:-1\" \/>\n<link rel=\"canonical\" href=\"https:\/\/www.apricotcoffee.hu\/en\/product\/home-barista-trening-2-fo-reszere\/\" \/>\n<meta property=\"og:locale\" content=\"en_GB\" \/>\n<meta property=\"og:type\" content=\"article\" \/>\n<meta property=\"og:title\" content=\"Home Barista Tr\u00e9ning 2 f\u0151 r\u00e9sz\u00e9re - Apricot Coffee\" \/>\n<meta property=\"og:description\" content=\"Home Barista Tr\u00e9ning Aj\u00e1nd\u00e9kutalv\u00e1ny - Mir\u0151l sz\u00f3l a tr\u00e9ning?   45 perces interakt\u00edv el\u0151ad\u00e1s a k\u00e1v\u00e9 \u00fatj\u00e1r\u00f3l, a farmokt\u00f3l eg\u00e9szen a cs\u00e9sz\u00e9be jut\u00e1sig. B\u00e1tran lehet k\u00e9rdezni, besz\u00e9lgetni, szeretn\u00e9nk csal\u00e1diass\u00e1 tenni a hangulatot \u00e9s minden k\u00e9rd\u00e9setekre v\u00e1laszolni.  Ezut\u00e1n 6 k\u00fcl\u00f6nb\u00f6z\u0151 single origin \u00e9s blend 100% arabika k\u00e1v\u00e9kat fogunk k\u00f3stolni, melynek l\u00e9nyege, hogy megtanuljuk a k\u00e1v\u00e9t \u00edzlelni, szagolni.  V\u00e9g\u00fcl pedig filterk\u00e1v\u00e9k k\u00e9sz\u00edt\u00e9si titkaiba leshettek bele, mely t\u00f6k\u00e9letes v\u00e1laszt\u00e1s otthoni k\u00e1v\u00e9d elk\u00e9sz\u00edt\u00e9s\u00e9hez is.(v60 \u00e9s aeropress)  Szemes k\u00e1v\u00e9ink a tr\u00e9ning ideje alatt 10% kedvezm\u00e9nnyel v\u00e1s\u00e1rolhat\u00f3k meg  Kiv\u00e1l\u00f3 aj\u00e1nd\u00e9k \u00f6tlet olyanok sz\u00e1m\u00e1ra, akik szeretik a k\u00e1v\u00e9t \u00e9s \u00e9rdekl\u0151dnek a speciality k\u00e1v\u00e9k vil\u00e1ga ir\u00e1nt. Az utalv\u00e1nyok 1 a v\u00e1s\u00e1rl\u00e1st\u00f3l sz\u00e1m\u00edtott 1 \u00e9vig \u00e9rv\u00e9nyesek.\" \/>\n<meta property=\"og:url\" content=\"https:\/\/www.apricotcoffee.hu\/en\/product\/home-barista-trening-2-fo-reszere\/\" \/>\n<meta property=\"og:site_name\" content=\"Apricot Coffee\" \/>\n<meta property=\"article:modified_time\" content=\"2025-12-21T10:59:27+00:00\" \/>\n<meta property=\"og:image\" content=\"https:\/\/www.apricotcoffee.hu\/wp-content\/uploads\/2020\/12\/coffee-cupping-apricot-coffee.jpeg\" \/>\n\t<meta property=\"og:image:width\" content=\"2048\" \/>\n\t<meta property=\"og:image:height\" content=\"2048\" \/>\n\t<meta property=\"og:image:type\" content=\"image\/jpeg\" \/>\n<meta name=\"twitter:card\" content=\"summary_large_image\" \/>\n<meta name=\"twitter:label1\" content=\"Estimated reading time\" \/>\n\t<meta name=\"twitter:data1\" content=\"1 minute\" \/>\n<script type=\"application\/ld+json\" class=\"yoast-schema-graph\">{\"@context\":\"https:\/\/schema.org\",\"@graph\":[{\"@type\":\"WebPage\",\"@id\":\"https:\/\/www.apricotcoffee.hu\/product\/home-barista-trening-2-fo-reszere\/\",\"url\":\"https:\/\/www.apricotcoffee.hu\/product\/home-barista-trening-2-fo-reszere\/\",\"name\":\"Home Barista Tr\u00e9ning 2 f\u0151 r\u00e9sz\u00e9re - Apricot Coffee\",\"isPartOf\":{\"@id\":\"https:\/\/www.apricotcoffee.hu\/#website\"},\"primaryImageOfPage\":{\"@id\":\"https:\/\/www.apricotcoffee.hu\/product\/home-barista-trening-2-fo-reszere\/#primaryimage\"},\"image\":{\"@id\":\"https:\/\/www.apricotcoffee.hu\/product\/home-barista-trening-2-fo-reszere\/#primaryimage\"},\"thumbnailUrl\":\"https:\/\/www.apricotcoffee.hu\/wp-content\/uploads\/2020\/12\/coffee-cupping-apricot-coffee.jpeg\",\"datePublished\":\"2020-12-15T09:26:50+00:00\",\"dateModified\":\"2025-12-21T10:59:27+00:00\",\"breadcrumb\":{\"@id\":\"https:\/\/www.apricotcoffee.hu\/product\/home-barista-trening-2-fo-reszere\/#breadcrumb\"},\"inLanguage\":\"en-GB\",\"potentialAction\":[{\"@type\":\"ReadAction\",\"target\":[\"https:\/\/www.apricotcoffee.hu\/product\/home-barista-trening-2-fo-reszere\/\"]}]},{\"@type\":\"ImageObject\",\"inLanguage\":\"en-GB\",\"@id\":\"https:\/\/www.apricotcoffee.hu\/product\/home-barista-trening-2-fo-reszere\/#primaryimage\",\"url\":\"https:\/\/www.apricotcoffee.hu\/wp-content\/uploads\/2020\/12\/coffee-cupping-apricot-coffee.jpeg\",\"contentUrl\":\"https:\/\/www.apricotcoffee.hu\/wp-content\/uploads\/2020\/12\/coffee-cupping-apricot-coffee.jpeg\",\"width\":2048,\"height\":2048},{\"@type\":\"BreadcrumbList\",\"@id\":\"https:\/\/www.apricotcoffee.hu\/product\/home-barista-trening-2-fo-reszere\/#breadcrumb\",\"itemListElement\":[{\"@type\":\"ListItem\",\"position\":1,\"name\":\"Home\",\"item\":\"https:\/\/www.apricotcoffee.hu\/\"},{\"@type\":\"ListItem\",\"position\":2,\"name\":\"Shop\",\"item\":\"https:\/\/www.apricotcoffee.hu\/shop\/\"},{\"@type\":\"ListItem\",\"position\":3,\"name\":\"Home Barista Tr\u00e9ning 2 f\u0151 r\u00e9sz\u00e9re\"}]},{\"@type\":\"WebSite\",\"@id\":\"https:\/\/www.apricotcoffee.hu\/#website\",\"url\":\"https:\/\/www.apricotcoffee.hu\/\",\"name\":\"Apricot Coffee\",\"description\":\"Apricot Speciality Coffee Shop Budapest\",\"potentialAction\":[{\"@type\":\"SearchAction\",\"target\":{\"@type\":\"EntryPoint\",\"urlTemplate\":\"https:\/\/www.apricotcoffee.hu\/?s={search_term_string}\"},\"query-input\":{\"@type\":\"PropertyValueSpecification\",\"valueRequired\":true,\"valueName\":\"search_term_string\"}}],\"inLanguage\":\"en-GB\"}]}<\/script>\n<!-- \/ Yoast SEO plugin. -->","yoast_head_json":{"title":"Home Barista Tr\u00e9ning 2 f\u0151 r\u00e9sz\u00e9re - Apricot Coffee","robots":{"index":"index","follow":"follow","max-snippet":"max-snippet:-1","max-image-preview":"max-image-preview:large","max-video-preview":"max-video-preview:-1"},"canonical":"https:\/\/www.apricotcoffee.hu\/en\/product\/home-barista-trening-2-fo-reszere\/","og_locale":"en_GB","og_type":"article","og_title":"Home Barista Tr\u00e9ning 2 f\u0151 r\u00e9sz\u00e9re - Apricot Coffee","og_description":"Home Barista Tr\u00e9ning Aj\u00e1nd\u00e9kutalv\u00e1ny - Mir\u0151l sz\u00f3l a tr\u00e9ning?   45 perces interakt\u00edv el\u0151ad\u00e1s a k\u00e1v\u00e9 \u00fatj\u00e1r\u00f3l, a farmokt\u00f3l eg\u00e9szen a cs\u00e9sz\u00e9be jut\u00e1sig. B\u00e1tran lehet k\u00e9rdezni, besz\u00e9lgetni, szeretn\u00e9nk csal\u00e1diass\u00e1 tenni a hangulatot \u00e9s minden k\u00e9rd\u00e9setekre v\u00e1laszolni.  Ezut\u00e1n 6 k\u00fcl\u00f6nb\u00f6z\u0151 single origin \u00e9s blend 100% arabika k\u00e1v\u00e9kat fogunk k\u00f3stolni, melynek l\u00e9nyege, hogy megtanuljuk a k\u00e1v\u00e9t \u00edzlelni, szagolni.  V\u00e9g\u00fcl pedig filterk\u00e1v\u00e9k k\u00e9sz\u00edt\u00e9si titkaiba leshettek bele, mely t\u00f6k\u00e9letes v\u00e1laszt\u00e1s otthoni k\u00e1v\u00e9d elk\u00e9sz\u00edt\u00e9s\u00e9hez is.(v60 \u00e9s aeropress)  Szemes k\u00e1v\u00e9ink a tr\u00e9ning ideje alatt 10% kedvezm\u00e9nnyel v\u00e1s\u00e1rolhat\u00f3k meg  Kiv\u00e1l\u00f3 aj\u00e1nd\u00e9k \u00f6tlet olyanok sz\u00e1m\u00e1ra, akik szeretik a k\u00e1v\u00e9t \u00e9s \u00e9rdekl\u0151dnek a speciality k\u00e1v\u00e9k vil\u00e1ga ir\u00e1nt. Az utalv\u00e1nyok 1 a v\u00e1s\u00e1rl\u00e1st\u00f3l sz\u00e1m\u00edtott 1 \u00e9vig \u00e9rv\u00e9nyesek.","og_url":"https:\/\/www.apricotcoffee.hu\/en\/product\/home-barista-trening-2-fo-reszere\/","og_site_name":"Apricot Coffee","article_modified_time":"2025-12-21T10:59:27+00:00","og_image":[{"width":2048,"height":2048,"url":"https:\/\/www.apricotcoffee.hu\/wp-content\/uploads\/2020\/12\/coffee-cupping-apricot-coffee.jpeg","type":"image\/jpeg"}],"twitter_card":"summary_large_image","twitter_misc":{"Estimated reading time":"1 minute"},"schema":{"@context":"https:\/\/schema.org","@graph":[{"@type":"WebPage","@id":"https:\/\/www.apricotcoffee.hu\/product\/home-barista-trening-2-fo-reszere\/","url":"https:\/\/www.apricotcoffee.hu\/product\/home-barista-trening-2-fo-reszere\/","name":"Home Barista Tr\u00e9ning 2 f\u0151 r\u00e9sz\u00e9re - Apricot Coffee","isPartOf":{"@id":"https:\/\/www.apricotcoffee.hu\/#website"},"primaryImageOfPage":{"@id":"https:\/\/www.apricotcoffee.hu\/product\/home-barista-trening-2-fo-reszere\/#primaryimage"},"image":{"@id":"https:\/\/www.apricotcoffee.hu\/product\/home-barista-trening-2-fo-reszere\/#primaryimage"},"thumbnailUrl":"https:\/\/www.apricotcoffee.hu\/wp-content\/uploads\/2020\/12\/coffee-cupping-apricot-coffee.jpeg","datePublished":"2020-12-15T09:26:50+00:00","dateModified":"2025-12-21T10:59:27+00:00","breadcrumb":{"@id":"https:\/\/www.apricotcoffee.hu\/product\/home-barista-trening-2-fo-reszere\/#breadcrumb"},"inLanguage":"en-GB","potentialAction":[{"@type":"ReadAction","target":["https:\/\/www.apricotcoffee.hu\/product\/home-barista-trening-2-fo-reszere\/"]}]},{"@type":"ImageObject","inLanguage":"en-GB","@id":"https:\/\/www.apricotcoffee.hu\/product\/home-barista-trening-2-fo-reszere\/#primaryimage","url":"https:\/\/www.apricotcoffee.hu\/wp-content\/uploads\/2020\/12\/coffee-cupping-apricot-coffee.jpeg","contentUrl":"https:\/\/www.apricotcoffee.hu\/wp-content\/uploads\/2020\/12\/coffee-cupping-apricot-coffee.jpeg","width":2048,"height":2048},{"@type":"BreadcrumbList","@id":"https:\/\/www.apricotcoffee.hu\/product\/home-barista-trening-2-fo-reszere\/#breadcrumb","itemListElement":[{"@type":"ListItem","position":1,"name":"Home","item":"https:\/\/www.apricotcoffee.hu\/"},{"@type":"ListItem","position":2,"name":"Shop","item":"https:\/\/www.apricotcoffee.hu\/shop\/"},{"@type":"ListItem","position":3,"name":"Home Barista Tr\u00e9ning 2 f\u0151 r\u00e9sz\u00e9re"}]},{"@type":"WebSite","@id":"https:\/\/www.apricotcoffee.hu\/#website","url":"https:\/\/www.apricotcoffee.hu\/","name":"Apricot Coffee","description":"Apricot Speciality Coffee Shop Budapest","potentialAction":[{"@type":"SearchAction","target":{"@type":"EntryPoint","urlTemplate":"https:\/\/www.apricotcoffee.hu\/?s={search_term_string}"},"query-input":{"@type":"PropertyValueSpecification","valueRequired":true,"valueName":"search_term_string"}}],"inLanguage":"en-GB"}]}},"_links":{"self":[{"href":"https:\/\/www.apricotcoffee.hu\/en\/wp-json\/wp\/v2\/product\/13915"}],"collection":[{"href":"https:\/\/www.apricotcoffee.hu\/en\/wp-json\/wp\/v2\/product"}],"about":[{"href":"https:\/\/www.apricotcoffee.hu\/en\/wp-json\/wp\/v2\/types\/product"}],"wp:featuredmedia":[{"embeddable":true,"href":"https:\/\/www.apricotcoffee.hu\/en\/wp-json\/wp\/v2\/media\/15011"}],"wp:attachment":[{"href":"https:\/\/www.apricotcoffee.hu\/en\/wp-json\/wp\/v2\/media?parent=13915"}],"wp:term":[{"taxonomy":"product_brand","embeddable":true,"href":"https:\/\/www.apricotcoffee.hu\/en\/wp-json\/wp\/v2\/product_brand?post=13915"},{"taxonomy":"product_cat","embeddable":true,"href":"https:\/\/www.apricotcoffee.hu\/en\/wp-json\/wp\/v2\/product_cat?post=13915"},{"taxonomy":"product_tag","embeddable":true,"href":"https:\/\/www.apricotcoffee.hu\/en\/wp-json\/wp\/v2\/product_tag?post=13915"}],"curies":[{"name":"wp","href":"https:\/\/api.w.org\/{rel}","templated":true}]}}