{"id":13910,"date":"2020-12-15T09:26:50","date_gmt":"2020-12-15T09:26:50","guid":{"rendered":"https:\/\/apricot.webexchange.hu\/product\/afternoon-tea-utalvany-2-fo-reszere\/"},"modified":"2026-03-28T19:05:26","modified_gmt":"2026-03-28T18:05:26","slug":"afternoon-tea-utalvany-2-fo-reszere","status":"publish","type":"product","link":"https:\/\/www.apricotcoffee.hu\/en\/product\/afternoon-tea-utalvany-2-fo-reszere\/","title":{"rendered":"Afternoon Tea  utalv\u00e1ny 2 f\u0151 r\u00e9sz\u00e9re"},"content":{"rendered":"<p>Aj\u00e1nd\u00e9kozz \u00e9lm\u00e9nyt! D\u00e9lut\u00e1ni tea&#8217; az angolsz\u00e1sz hagyom\u00e1nyoknak megfelel\u0151en 2 f\u0151 r\u00e9sz\u00e9re. 1,5 \u00f3ra alatt korl\u00e1tlan tea-, \u00e9s k\u00e1v\u00e9fogyaszt\u00e1s, valamint 2 f\u0151 r\u00e9sz\u00e9re sz\u00f3l\u00f3 szendvics-, \u00e9s s\u00fctem\u00e9ny szelekci\u00f3. Ismerd meg az Afternoon tea eredet\u00e9t \u00e9s ismerj meg k\u00fcl\u00f6nleges sz\u00e1las te\u00e1kat, mell\u00e9 \u00ednycsikland\u00f3 fingerfood szendvicseket \u00e9s &#8216;petit four&#8217; s\u00fctem\u00e9nyeket.<\/p>\n<p>&nbsp;<\/p>","protected":false},"excerpt":{"rendered":"<p>Aj\u00e1nd\u00e9kozz \u00e9lm\u00e9nyt bar\u00e1tn\u0151dnek, \u00e9desany\u00e1dnak, p\u00e1rodnak! D\u00e9lut\u00e1ni tea\u2019 az angolsz\u00e1sz hagyom\u00e1nyoknak megfelel\u0151en 2 f\u0151 r\u00e9sz\u00e9re. 1,5 \u00f3ra alatt korl\u00e1tlan tea-, \u00e9s k\u00e1v\u00e9fogyaszt\u00e1s, valamint 2 f\u0151 r\u00e9sz\u00e9re sz\u00f3l\u00f3 szendvics-, \u00e9s s\u00fctem\u00e9ny szelekci\u00f3. Ismerd meg az Afternoon tea eredet\u00e9t \u00e9s ismerj meg k\u00fcl\u00f6nleges sz\u00e1las te\u00e1kat, mell\u00e9 \u00ednycsikland\u00f3 fingerfood szendvicseket \u00e9s \u2018petit four\u2019 s\u00fctem\u00e9nyeket.<\/p>\n<p>&nbsp;<\/p>\n<p>V\u00e1s\u00e1rl\u00e1si\/foglal\u00e1si felt\u00e9telek:<\/p>\n<ul>\n<li>A r\u00f6gz\u00edtett foglal\u00e1s a d\u00e1tum el\u0151tti 4 munkanappal m\u00e1r nem lemondhat\u00f3, csak aznapi id\u0151n bel\u00fcl m\u00f3dos\u00edthat\u00f3.<\/li>\n<li>A foglal\u00e1sokat a d\u00e1tumot megel\u0151z\u0151 minimum 5 munkanappal el\u0151bb k\u00e9rj\u00fck foglalni<\/li>\n<li>Az utalv\u00e1nyok 1 \u00e9vig \u00e9rv\u00e9nyesek, mely a v\u00e1s\u00e1rl\u00e1st\u00f3l sz\u00e1m\u00edtott egy \u00e9ven bel\u00fcl felhaszn\u00e1lhat\u00f3ak.<\/li>\n<li>Afternoon tea foglal\u00e1sra nyitvatart\u00e1si id\u0151nk\u00f6n bel\u00fcl b\u00e1rmikor lehet\u0151s\u00e9g van, d\u00e9lel\u0151tt 10 \u00e9s d\u00e9lut\u00e1n 4 \u00f3ra k\u00f6z\u00f6tti kezd\u00e9si id\u0151pontokkal.<\/li>\n<\/ul>","protected":false},"featured_media":13782,"template":"","meta":[],"product_brand":[],"product_cat":[79],"product_tag":[],"class_list":{"0":"post-13910","1":"product","2":"type-product","3":"status-publish","4":"has-post-thumbnail","6":"product_cat-ajandekutalvany","7":"pa_brand-ajandekutalvanyok","9":"first","10":"instock","11":"purchasable","12":"product-type-simple"},"yoast_head":"<!-- This site is optimized with the Yoast SEO plugin v25.6 - https:\/\/yoast.com\/wordpress\/plugins\/seo\/ -->\n<title>Afternoon Tea utalv\u00e1ny 2 f\u0151 r\u00e9sz\u00e9re - Apricot Coffee<\/title>\n<meta name=\"robots\" content=\"index, follow, max-snippet:-1, max-image-preview:large, max-video-preview:-1\" \/>\n<link rel=\"canonical\" href=\"https:\/\/www.apricotcoffee.hu\/en\/product\/afternoon-tea-utalvany-2-fo-reszere\/\" \/>\n<meta property=\"og:locale\" content=\"en_GB\" \/>\n<meta property=\"og:type\" content=\"article\" \/>\n<meta property=\"og:title\" content=\"Afternoon Tea utalv\u00e1ny 2 f\u0151 r\u00e9sz\u00e9re - Apricot Coffee\" \/>\n<meta property=\"og:description\" content=\"Aj\u00e1nd\u00e9kozz \u00e9lm\u00e9nyt bar\u00e1tn\u0151dnek, \u00e9desany\u00e1dnak, p\u00e1rodnak! D\u00e9lut\u00e1ni tea\u2019 az angolsz\u00e1sz hagyom\u00e1nyoknak megfelel\u0151en 2 f\u0151 r\u00e9sz\u00e9re. 1,5 \u00f3ra alatt korl\u00e1tlan tea-, \u00e9s k\u00e1v\u00e9fogyaszt\u00e1s, valamint 2 f\u0151 r\u00e9sz\u00e9re sz\u00f3l\u00f3 szendvics-, \u00e9s s\u00fctem\u00e9ny szelekci\u00f3. Ismerd meg az Afternoon tea eredet\u00e9t \u00e9s ismerj meg k\u00fcl\u00f6nleges sz\u00e1las te\u00e1kat, mell\u00e9 \u00ednycsikland\u00f3 fingerfood szendvicseket \u00e9s \u2018petit four\u2019 s\u00fctem\u00e9nyeket.  &nbsp;  V\u00e1s\u00e1rl\u00e1si\/foglal\u00e1si felt\u00e9telek:   A r\u00f6gz\u00edtett foglal\u00e1s a d\u00e1tum el\u0151tti 4 munkanappal m\u00e1r nem lemondhat\u00f3, csak aznapi id\u0151n bel\u00fcl m\u00f3dos\u00edthat\u00f3.  A foglal\u00e1sokat a d\u00e1tumot megel\u0151z\u0151 minimum 5 munkanappal el\u0151bb k\u00e9rj\u00fck foglalni  Az utalv\u00e1nyok 1 \u00e9vig \u00e9rv\u00e9nyesek, mely a v\u00e1s\u00e1rl\u00e1st\u00f3l sz\u00e1m\u00edtott egy \u00e9ven bel\u00fcl felhaszn\u00e1lhat\u00f3ak.  Afternoon tea foglal\u00e1sra nyitvatart\u00e1si id\u0151nk\u00f6n bel\u00fcl b\u00e1rmikor lehet\u0151s\u00e9g van, d\u00e9lel\u0151tt 10 \u00e9s d\u00e9lut\u00e1n 4 \u00f3ra k\u00f6z\u00f6tti kezd\u00e9si id\u0151pontokkal.\" \/>\n<meta property=\"og:url\" content=\"https:\/\/www.apricotcoffee.hu\/en\/product\/afternoon-tea-utalvany-2-fo-reszere\/\" \/>\n<meta property=\"og:site_name\" content=\"Apricot Coffee\" \/>\n<meta property=\"article:modified_time\" content=\"2026-03-28T18:05:26+00:00\" \/>\n<meta property=\"og:image\" content=\"https:\/\/www.apricotcoffee.hu\/wp-content\/uploads\/2020\/12\/De\u0301luta\u0301ni-Tea-Budapest.jpg\" \/>\n\t<meta property=\"og:image:width\" content=\"1000\" \/>\n\t<meta property=\"og:image:height\" content=\"667\" \/>\n\t<meta property=\"og:image:type\" content=\"image\/jpeg\" \/>\n<meta name=\"twitter:card\" content=\"summary_large_image\" \/>\n<meta name=\"twitter:label1\" content=\"Estimated reading time\" \/>\n\t<meta name=\"twitter:data1\" content=\"1 minute\" \/>\n<script type=\"application\/ld+json\" class=\"yoast-schema-graph\">{\"@context\":\"https:\/\/schema.org\",\"@graph\":[{\"@type\":\"WebPage\",\"@id\":\"https:\/\/www.apricotcoffee.hu\/product\/afternoon-tea-utalvany-2-fo-reszere\/\",\"url\":\"https:\/\/www.apricotcoffee.hu\/product\/afternoon-tea-utalvany-2-fo-reszere\/\",\"name\":\"Afternoon Tea utalv\u00e1ny 2 f\u0151 r\u00e9sz\u00e9re - Apricot Coffee\",\"isPartOf\":{\"@id\":\"https:\/\/www.apricotcoffee.hu\/#website\"},\"primaryImageOfPage\":{\"@id\":\"https:\/\/www.apricotcoffee.hu\/product\/afternoon-tea-utalvany-2-fo-reszere\/#primaryimage\"},\"image\":{\"@id\":\"https:\/\/www.apricotcoffee.hu\/product\/afternoon-tea-utalvany-2-fo-reszere\/#primaryimage\"},\"thumbnailUrl\":\"https:\/\/www.apricotcoffee.hu\/wp-content\/uploads\/2020\/12\/De\u0301luta\u0301ni-Tea-Budapest.jpg\",\"datePublished\":\"2020-12-15T09:26:50+00:00\",\"dateModified\":\"2026-03-28T18:05:26+00:00\",\"breadcrumb\":{\"@id\":\"https:\/\/www.apricotcoffee.hu\/product\/afternoon-tea-utalvany-2-fo-reszere\/#breadcrumb\"},\"inLanguage\":\"en-GB\",\"potentialAction\":[{\"@type\":\"ReadAction\",\"target\":[\"https:\/\/www.apricotcoffee.hu\/product\/afternoon-tea-utalvany-2-fo-reszere\/\"]}]},{\"@type\":\"ImageObject\",\"inLanguage\":\"en-GB\",\"@id\":\"https:\/\/www.apricotcoffee.hu\/product\/afternoon-tea-utalvany-2-fo-reszere\/#primaryimage\",\"url\":\"https:\/\/www.apricotcoffee.hu\/wp-content\/uploads\/2020\/12\/De\u0301luta\u0301ni-Tea-Budapest.jpg\",\"contentUrl\":\"https:\/\/www.apricotcoffee.hu\/wp-content\/uploads\/2020\/12\/De\u0301luta\u0301ni-Tea-Budapest.jpg\",\"width\":1000,\"height\":667},{\"@type\":\"BreadcrumbList\",\"@id\":\"https:\/\/www.apricotcoffee.hu\/product\/afternoon-tea-utalvany-2-fo-reszere\/#breadcrumb\",\"itemListElement\":[{\"@type\":\"ListItem\",\"position\":1,\"name\":\"Home\",\"item\":\"https:\/\/www.apricotcoffee.hu\/\"},{\"@type\":\"ListItem\",\"position\":2,\"name\":\"Shop\",\"item\":\"https:\/\/www.apricotcoffee.hu\/shop\/\"},{\"@type\":\"ListItem\",\"position\":3,\"name\":\"Afternoon Tea utalv\u00e1ny 2 f\u0151 r\u00e9sz\u00e9re\"}]},{\"@type\":\"WebSite\",\"@id\":\"https:\/\/www.apricotcoffee.hu\/#website\",\"url\":\"https:\/\/www.apricotcoffee.hu\/\",\"name\":\"Apricot Coffee\",\"description\":\"Apricot Speciality Coffee Shop Budapest\",\"potentialAction\":[{\"@type\":\"SearchAction\",\"target\":{\"@type\":\"EntryPoint\",\"urlTemplate\":\"https:\/\/www.apricotcoffee.hu\/?s={search_term_string}\"},\"query-input\":{\"@type\":\"PropertyValueSpecification\",\"valueRequired\":true,\"valueName\":\"search_term_string\"}}],\"inLanguage\":\"en-GB\"}]}<\/script>\n<!-- \/ Yoast SEO plugin. -->","yoast_head_json":{"title":"Afternoon Tea utalv\u00e1ny 2 f\u0151 r\u00e9sz\u00e9re - Apricot Coffee","robots":{"index":"index","follow":"follow","max-snippet":"max-snippet:-1","max-image-preview":"max-image-preview:large","max-video-preview":"max-video-preview:-1"},"canonical":"https:\/\/www.apricotcoffee.hu\/en\/product\/afternoon-tea-utalvany-2-fo-reszere\/","og_locale":"en_GB","og_type":"article","og_title":"Afternoon Tea utalv\u00e1ny 2 f\u0151 r\u00e9sz\u00e9re - Apricot Coffee","og_description":"Aj\u00e1nd\u00e9kozz \u00e9lm\u00e9nyt bar\u00e1tn\u0151dnek, \u00e9desany\u00e1dnak, p\u00e1rodnak! D\u00e9lut\u00e1ni tea\u2019 az angolsz\u00e1sz hagyom\u00e1nyoknak megfelel\u0151en 2 f\u0151 r\u00e9sz\u00e9re. 1,5 \u00f3ra alatt korl\u00e1tlan tea-, \u00e9s k\u00e1v\u00e9fogyaszt\u00e1s, valamint 2 f\u0151 r\u00e9sz\u00e9re sz\u00f3l\u00f3 szendvics-, \u00e9s s\u00fctem\u00e9ny szelekci\u00f3. Ismerd meg az Afternoon tea eredet\u00e9t \u00e9s ismerj meg k\u00fcl\u00f6nleges sz\u00e1las te\u00e1kat, mell\u00e9 \u00ednycsikland\u00f3 fingerfood szendvicseket \u00e9s \u2018petit four\u2019 s\u00fctem\u00e9nyeket.  &nbsp;  V\u00e1s\u00e1rl\u00e1si\/foglal\u00e1si felt\u00e9telek:   A r\u00f6gz\u00edtett foglal\u00e1s a d\u00e1tum el\u0151tti 4 munkanappal m\u00e1r nem lemondhat\u00f3, csak aznapi id\u0151n bel\u00fcl m\u00f3dos\u00edthat\u00f3.  A foglal\u00e1sokat a d\u00e1tumot megel\u0151z\u0151 minimum 5 munkanappal el\u0151bb k\u00e9rj\u00fck foglalni  Az utalv\u00e1nyok 1 \u00e9vig \u00e9rv\u00e9nyesek, mely a v\u00e1s\u00e1rl\u00e1st\u00f3l sz\u00e1m\u00edtott egy \u00e9ven bel\u00fcl felhaszn\u00e1lhat\u00f3ak.  Afternoon tea foglal\u00e1sra nyitvatart\u00e1si id\u0151nk\u00f6n bel\u00fcl b\u00e1rmikor lehet\u0151s\u00e9g van, d\u00e9lel\u0151tt 10 \u00e9s d\u00e9lut\u00e1n 4 \u00f3ra k\u00f6z\u00f6tti kezd\u00e9si id\u0151pontokkal.","og_url":"https:\/\/www.apricotcoffee.hu\/en\/product\/afternoon-tea-utalvany-2-fo-reszere\/","og_site_name":"Apricot Coffee","article_modified_time":"2026-03-28T18:05:26+00:00","og_image":[{"width":1000,"height":667,"url":"https:\/\/www.apricotcoffee.hu\/wp-content\/uploads\/2020\/12\/De\u0301luta\u0301ni-Tea-Budapest.jpg","type":"image\/jpeg"}],"twitter_card":"summary_large_image","twitter_misc":{"Estimated reading time":"1 minute"},"schema":{"@context":"https:\/\/schema.org","@graph":[{"@type":"WebPage","@id":"https:\/\/www.apricotcoffee.hu\/product\/afternoon-tea-utalvany-2-fo-reszere\/","url":"https:\/\/www.apricotcoffee.hu\/product\/afternoon-tea-utalvany-2-fo-reszere\/","name":"Afternoon Tea utalv\u00e1ny 2 f\u0151 r\u00e9sz\u00e9re - Apricot Coffee","isPartOf":{"@id":"https:\/\/www.apricotcoffee.hu\/#website"},"primaryImageOfPage":{"@id":"https:\/\/www.apricotcoffee.hu\/product\/afternoon-tea-utalvany-2-fo-reszere\/#primaryimage"},"image":{"@id":"https:\/\/www.apricotcoffee.hu\/product\/afternoon-tea-utalvany-2-fo-reszere\/#primaryimage"},"thumbnailUrl":"https:\/\/www.apricotcoffee.hu\/wp-content\/uploads\/2020\/12\/De\u0301luta\u0301ni-Tea-Budapest.jpg","datePublished":"2020-12-15T09:26:50+00:00","dateModified":"2026-03-28T18:05:26+00:00","breadcrumb":{"@id":"https:\/\/www.apricotcoffee.hu\/product\/afternoon-tea-utalvany-2-fo-reszere\/#breadcrumb"},"inLanguage":"en-GB","potentialAction":[{"@type":"ReadAction","target":["https:\/\/www.apricotcoffee.hu\/product\/afternoon-tea-utalvany-2-fo-reszere\/"]}]},{"@type":"ImageObject","inLanguage":"en-GB","@id":"https:\/\/www.apricotcoffee.hu\/product\/afternoon-tea-utalvany-2-fo-reszere\/#primaryimage","url":"https:\/\/www.apricotcoffee.hu\/wp-content\/uploads\/2020\/12\/De\u0301luta\u0301ni-Tea-Budapest.jpg","contentUrl":"https:\/\/www.apricotcoffee.hu\/wp-content\/uploads\/2020\/12\/De\u0301luta\u0301ni-Tea-Budapest.jpg","width":1000,"height":667},{"@type":"BreadcrumbList","@id":"https:\/\/www.apricotcoffee.hu\/product\/afternoon-tea-utalvany-2-fo-reszere\/#breadcrumb","itemListElement":[{"@type":"ListItem","position":1,"name":"Home","item":"https:\/\/www.apricotcoffee.hu\/"},{"@type":"ListItem","position":2,"name":"Shop","item":"https:\/\/www.apricotcoffee.hu\/shop\/"},{"@type":"ListItem","position":3,"name":"Afternoon Tea utalv\u00e1ny 2 f\u0151 r\u00e9sz\u00e9re"}]},{"@type":"WebSite","@id":"https:\/\/www.apricotcoffee.hu\/#website","url":"https:\/\/www.apricotcoffee.hu\/","name":"Apricot Coffee","description":"Apricot Speciality Coffee Shop Budapest","potentialAction":[{"@type":"SearchAction","target":{"@type":"EntryPoint","urlTemplate":"https:\/\/www.apricotcoffee.hu\/?s={search_term_string}"},"query-input":{"@type":"PropertyValueSpecification","valueRequired":true,"valueName":"search_term_string"}}],"inLanguage":"en-GB"}]}},"_links":{"self":[{"href":"https:\/\/www.apricotcoffee.hu\/en\/wp-json\/wp\/v2\/product\/13910"}],"collection":[{"href":"https:\/\/www.apricotcoffee.hu\/en\/wp-json\/wp\/v2\/product"}],"about":[{"href":"https:\/\/www.apricotcoffee.hu\/en\/wp-json\/wp\/v2\/types\/product"}],"wp:featuredmedia":[{"embeddable":true,"href":"https:\/\/www.apricotcoffee.hu\/en\/wp-json\/wp\/v2\/media\/13782"}],"wp:attachment":[{"href":"https:\/\/www.apricotcoffee.hu\/en\/wp-json\/wp\/v2\/media?parent=13910"}],"wp:term":[{"taxonomy":"product_brand","embeddable":true,"href":"https:\/\/www.apricotcoffee.hu\/en\/wp-json\/wp\/v2\/product_brand?post=13910"},{"taxonomy":"product_cat","embeddable":true,"href":"https:\/\/www.apricotcoffee.hu\/en\/wp-json\/wp\/v2\/product_cat?post=13910"},{"taxonomy":"product_tag","embeddable":true,"href":"https:\/\/www.apricotcoffee.hu\/en\/wp-json\/wp\/v2\/product_tag?post=13910"}],"curies":[{"name":"wp","href":"https:\/\/api.w.org\/{rel}","templated":true}]}}